{"id":14397,"date":"2024-06-20T15:28:45","date_gmt":"2024-06-20T13:28:45","guid":{"rendered":"http:\/\/develop.eam-scientific.com\/produkt\/konektoer-1-16-dis-disli-peek-kilcal-boru-1-16-baglanti-parcalari\/"},"modified":"2024-06-20T15:28:45","modified_gmt":"2024-06-20T13:28:45","slug":"konektoer-1-16-dis-disli-peek-kilcal-boru-1-16-baglanti-parcalari","status":"publish","type":"product","link":"https:\/\/develop.eam-scientific.com\/tr\/produkt\/konektoer-1-16-dis-disli-peek-kilcal-boru-1-16-baglanti-parcalari\/","title":{"rendered":"Konekt\u00f6r 1\/16&#8243;, d\u0131\u015f di\u015fli PEEK, k\u0131lcal boru 1\/16&#8243; + ba\u011flant\u0131 par\u00e7alar\u0131"},"content":{"rendered":"<p>HPLC aksesuarlar\u0131 &#8211; ba\u011flant\u0131 1\/16&#8243;, PEEK, d\u0131\u015f di\u015fli, a\u015fa\u011f\u0131dakilerden olu\u015fur: K\u0131lcal boru 1\/16&#8243;, 2 Hex &#8211; Hed &#8211; ba\u011flant\u0131 par\u00e7alar\u0131.<\/p>\n","protected":false},"excerpt":{"rendered":"<p>HPLC aksesuarlar\u0131 &#8211; ba\u011flant\u0131 1\/16&#8243;, PEEK, d\u0131\u015f di\u015fli, a\u015fa\u011f\u0131dakilerden olu\u015fur: K\u0131lcal boru 1\/16&#8243;, 2 Hex &#8211; Hed &#8211; ba\u011flant\u0131 par\u00e7alar\u0131.<\/p>\n","protected":false},"featured_media":11082,"comment_status":"open","ping_status":"closed","template":"","meta":[],"product_cat":[128,121,67],"product_tag":[],"class_list":{"0":"post-14397","1":"product","2":"type-product","3":"status-publish","4":"has-post-thumbnail","6":"product_cat-hplc-aksesuarlari","7":"product_cat-hplc-ve-uhplc","8":"product_cat-kromatografi","10":"first","11":"instock","12":"shipping-taxable","13":"product-type-simple"},"_links":{"self":[{"href":"https:\/\/develop.eam-scientific.com\/tr\/wp-json\/wp\/v2\/product\/14397","targetHints":{"allow":["GET"]}}],"collection":[{"href":"https:\/\/develop.eam-scientific.com\/tr\/wp-json\/wp\/v2\/product"}],"about":[{"href":"https:\/\/develop.eam-scientific.com\/tr\/wp-json\/wp\/v2\/types\/product"}],"replies":[{"embeddable":true,"href":"https:\/\/develop.eam-scientific.com\/tr\/wp-json\/wp\/v2\/comments?post=14397"}],"wp:featuredmedia":[{"embeddable":true,"href":"https:\/\/develop.eam-scientific.com\/tr\/wp-json\/wp\/v2\/media\/11082"}],"wp:attachment":[{"href":"https:\/\/develop.eam-scientific.com\/tr\/wp-json\/wp\/v2\/media?parent=14397"}],"wp:term":[{"taxonomy":"product_cat","embeddable":true,"href":"https:\/\/develop.eam-scientific.com\/tr\/wp-json\/wp\/v2\/product_cat?post=14397"},{"taxonomy":"product_tag","embeddable":true,"href":"https:\/\/develop.eam-scientific.com\/tr\/wp-json\/wp\/v2\/product_tag?post=14397"}],"curies":[{"name":"wp","href":"https:\/\/api.w.org\/{rel}","templated":true}]}}