{"id":14401,"date":"2024-06-20T15:28:24","date_gmt":"2024-06-20T13:28:24","guid":{"rendered":"http:\/\/develop.eam-scientific.com\/produkt\/1-16-delikli-baglanti-vidalari-1-16-kapiler-tuepler-icin-uygundur\/"},"modified":"2024-06-20T15:28:24","modified_gmt":"2024-06-20T13:28:24","slug":"1-16-delikli-baglanti-vidalari-1-16-kapiler-tuepler-icin-uygundur","status":"publish","type":"product","link":"https:\/\/develop.eam-scientific.com\/tr\/produkt\/1-16-delikli-baglanti-vidalari-1-16-kapiler-tuepler-icin-uygundur\/","title":{"rendered":"1\/16&#8243; delikli ba\u011flant\u0131 vidalar\u0131, 1\/16&#8243; kapiler t\u00fcpler i\u00e7in uygundur"},"content":{"rendered":"<p>HPLC aksesuarlar\u0131 &#8211; 1\/16&#8243; delikli ba\u011flant\u0131 vidalar\u0131, 1\/16&#8243; kapiler t\u00fcpler i\u00e7in uygundur.<\/p>\n","protected":false},"excerpt":{"rendered":"<p>HPLC aksesuarlar\u0131 &#8211; 1\/16&#8243; delikli ba\u011flant\u0131 vidalar\u0131, 1\/16&#8243; kapiler t\u00fcpler i\u00e7in uygundur.<\/p>\n","protected":false},"featured_media":11080,"comment_status":"open","ping_status":"closed","template":"","meta":[],"product_cat":[128,121,67],"product_tag":[],"class_list":{"0":"post-14401","1":"product","2":"type-product","3":"status-publish","4":"has-post-thumbnail","6":"product_cat-hplc-aksesuarlari","7":"product_cat-hplc-ve-uhplc","8":"product_cat-kromatografi","10":"first","11":"instock","12":"shipping-taxable","13":"product-type-simple"},"_links":{"self":[{"href":"https:\/\/develop.eam-scientific.com\/tr\/wp-json\/wp\/v2\/product\/14401","targetHints":{"allow":["GET"]}}],"collection":[{"href":"https:\/\/develop.eam-scientific.com\/tr\/wp-json\/wp\/v2\/product"}],"about":[{"href":"https:\/\/develop.eam-scientific.com\/tr\/wp-json\/wp\/v2\/types\/product"}],"replies":[{"embeddable":true,"href":"https:\/\/develop.eam-scientific.com\/tr\/wp-json\/wp\/v2\/comments?post=14401"}],"wp:featuredmedia":[{"embeddable":true,"href":"https:\/\/develop.eam-scientific.com\/tr\/wp-json\/wp\/v2\/media\/11080"}],"wp:attachment":[{"href":"https:\/\/develop.eam-scientific.com\/tr\/wp-json\/wp\/v2\/media?parent=14401"}],"wp:term":[{"taxonomy":"product_cat","embeddable":true,"href":"https:\/\/develop.eam-scientific.com\/tr\/wp-json\/wp\/v2\/product_cat?post=14401"},{"taxonomy":"product_tag","embeddable":true,"href":"https:\/\/develop.eam-scientific.com\/tr\/wp-json\/wp\/v2\/product_tag?post=14401"}],"curies":[{"name":"wp","href":"https:\/\/api.w.org\/{rel}","templated":true}]}}