{"id":14402,"date":"2024-06-20T15:28:45","date_gmt":"2024-06-20T13:28:45","guid":{"rendered":"http:\/\/develop.eam-scientific.com\/produkt\/chromcart-oen-suetun-tutucu-30-mm-tek-basina-icin\/"},"modified":"2024-06-20T15:28:45","modified_gmt":"2024-06-20T13:28:45","slug":"chromcart-oen-suetun-tutucu-30-mm-tek-basina-icin","status":"publish","type":"product","link":"https:\/\/develop.eam-scientific.com\/tr\/produkt\/chromcart-oen-suetun-tutucu-30-mm-tek-basina-icin\/","title":{"rendered":"ChromCart \u00f6n s\u00fctun tutucu 30 mm, &#8220;tek ba\u015f\u0131na&#8221; i\u00e7in"},"content":{"rendered":"<p>ChromCart \u00f6n s\u00fctun tutucu 30 mm &#8211; uzun -, &#8220;tek ba\u015f\u0131na&#8221; i\u00e7in.<\/p>\n","protected":false},"excerpt":{"rendered":"<p>ChromCart \u00f6n s\u00fctun tutucu 30 mm &#8211; uzun -, &#8220;tek ba\u015f\u0131na&#8221; i\u00e7in.<\/p>\n","protected":false},"featured_media":11084,"comment_status":"open","ping_status":"closed","template":"","meta":[],"product_cat":[128,121,67],"product_tag":[],"class_list":{"0":"post-14402","1":"product","2":"type-product","3":"status-publish","4":"has-post-thumbnail","6":"product_cat-hplc-aksesuarlari","7":"product_cat-hplc-ve-uhplc","8":"product_cat-kromatografi","10":"first","11":"instock","12":"shipping-taxable","13":"product-type-simple"},"_links":{"self":[{"href":"https:\/\/develop.eam-scientific.com\/tr\/wp-json\/wp\/v2\/product\/14402","targetHints":{"allow":["GET"]}}],"collection":[{"href":"https:\/\/develop.eam-scientific.com\/tr\/wp-json\/wp\/v2\/product"}],"about":[{"href":"https:\/\/develop.eam-scientific.com\/tr\/wp-json\/wp\/v2\/types\/product"}],"replies":[{"embeddable":true,"href":"https:\/\/develop.eam-scientific.com\/tr\/wp-json\/wp\/v2\/comments?post=14402"}],"wp:featuredmedia":[{"embeddable":true,"href":"https:\/\/develop.eam-scientific.com\/tr\/wp-json\/wp\/v2\/media\/11084"}],"wp:attachment":[{"href":"https:\/\/develop.eam-scientific.com\/tr\/wp-json\/wp\/v2\/media?parent=14402"}],"wp:term":[{"taxonomy":"product_cat","embeddable":true,"href":"https:\/\/develop.eam-scientific.com\/tr\/wp-json\/wp\/v2\/product_cat?post=14402"},{"taxonomy":"product_tag","embeddable":true,"href":"https:\/\/develop.eam-scientific.com\/tr\/wp-json\/wp\/v2\/product_tag?post=14402"}],"curies":[{"name":"wp","href":"https:\/\/api.w.org\/{rel}","templated":true}]}}