{"id":14405,"date":"2024-06-20T15:28:24","date_gmt":"2024-06-20T13:28:24","guid":{"rendered":"http:\/\/develop.eam-scientific.com\/produkt\/celik-veya-polimer-malzemelerden-yapilmis-1-16-kilcal-boru-icin-kesme-pensesi\/"},"modified":"2024-06-20T15:28:24","modified_gmt":"2024-06-20T13:28:24","slug":"celik-veya-polimer-malzemelerden-yapilmis-1-16-kilcal-boru-icin-kesme-pensesi","status":"publish","type":"product","link":"https:\/\/develop.eam-scientific.com\/tr\/produkt\/celik-veya-polimer-malzemelerden-yapilmis-1-16-kilcal-boru-icin-kesme-pensesi\/","title":{"rendered":"\u00c7elik veya polimer malzemelerden yap\u0131lm\u0131\u015f 1\/16&#8243; k\u0131lcal boru i\u00e7in kesme pensesi"},"content":{"rendered":"<p>HPLC aksesuarlar\u0131 &#8211; \u00e7elik veya polimer malzemelerden yap\u0131lm\u0131\u015f 1\/16&#8243; kapilerler i\u00e7in kesici (kesme pensesi).<\/p>\n","protected":false},"excerpt":{"rendered":"<p>HPLC aksesuarlar\u0131 &#8211; \u00e7elik veya polimer malzemelerden yap\u0131lm\u0131\u015f 1\/16&#8243; kapilerler i\u00e7in kesici (kesme pensesi).<\/p>\n","protected":false},"featured_media":11078,"comment_status":"open","ping_status":"closed","template":"","meta":[],"product_cat":[128,121,67],"product_tag":[],"class_list":{"0":"post-14405","1":"product","2":"type-product","3":"status-publish","4":"has-post-thumbnail","6":"product_cat-hplc-aksesuarlari","7":"product_cat-hplc-ve-uhplc","8":"product_cat-kromatografi","10":"first","11":"instock","12":"shipping-taxable","13":"product-type-simple"},"_links":{"self":[{"href":"https:\/\/develop.eam-scientific.com\/tr\/wp-json\/wp\/v2\/product\/14405","targetHints":{"allow":["GET"]}}],"collection":[{"href":"https:\/\/develop.eam-scientific.com\/tr\/wp-json\/wp\/v2\/product"}],"about":[{"href":"https:\/\/develop.eam-scientific.com\/tr\/wp-json\/wp\/v2\/types\/product"}],"replies":[{"embeddable":true,"href":"https:\/\/develop.eam-scientific.com\/tr\/wp-json\/wp\/v2\/comments?post=14405"}],"wp:featuredmedia":[{"embeddable":true,"href":"https:\/\/develop.eam-scientific.com\/tr\/wp-json\/wp\/v2\/media\/11078"}],"wp:attachment":[{"href":"https:\/\/develop.eam-scientific.com\/tr\/wp-json\/wp\/v2\/media?parent=14405"}],"wp:term":[{"taxonomy":"product_cat","embeddable":true,"href":"https:\/\/develop.eam-scientific.com\/tr\/wp-json\/wp\/v2\/product_cat?post=14405"},{"taxonomy":"product_tag","embeddable":true,"href":"https:\/\/develop.eam-scientific.com\/tr\/wp-json\/wp\/v2\/product_tag?post=14405"}],"curies":[{"name":"wp","href":"https:\/\/api.w.org\/{rel}","templated":true}]}}