{"id":14406,"date":"2024-06-20T15:28:24","date_gmt":"2024-06-20T13:28:24","guid":{"rendered":"http:\/\/develop.eam-scientific.com\/produkt\/konektoer-1-16-peek-her-iki-tarafta-disi-disli-aksesuarsiz\/"},"modified":"2024-06-20T15:28:24","modified_gmt":"2024-06-20T13:28:24","slug":"konektoer-1-16-peek-her-iki-tarafta-disi-disli-aksesuarsiz","status":"publish","type":"product","link":"https:\/\/develop.eam-scientific.com\/tr\/produkt\/konektoer-1-16-peek-her-iki-tarafta-disi-disli-aksesuarsiz\/","title":{"rendered":"Konekt\u00f6r 1\/16&#8243;, PEEK, her iki tarafta di\u015fi di\u015fli, aksesuars\u0131z"},"content":{"rendered":"<p>HPLC aksesuarlar\u0131 &#8211; 1\/16&#8243; PEEK konekt\u00f6r, her iki tarafta di\u015fi di\u015fli, aksesuars\u0131z.<\/p>\n","protected":false},"excerpt":{"rendered":"<p>HPLC aksesuarlar\u0131 &#8211; 1\/16&#8243; PEEK konekt\u00f6r, her iki tarafta di\u015fi di\u015fli, aksesuars\u0131z.<\/p>\n","protected":false},"featured_media":11072,"comment_status":"open","ping_status":"closed","template":"","meta":[],"product_cat":[128,121,67],"product_tag":[],"class_list":{"0":"post-14406","1":"product","2":"type-product","3":"status-publish","4":"has-post-thumbnail","6":"product_cat-hplc-aksesuarlari","7":"product_cat-hplc-ve-uhplc","8":"product_cat-kromatografi","10":"first","11":"instock","12":"shipping-taxable","13":"product-type-simple"},"_links":{"self":[{"href":"https:\/\/develop.eam-scientific.com\/tr\/wp-json\/wp\/v2\/product\/14406","targetHints":{"allow":["GET"]}}],"collection":[{"href":"https:\/\/develop.eam-scientific.com\/tr\/wp-json\/wp\/v2\/product"}],"about":[{"href":"https:\/\/develop.eam-scientific.com\/tr\/wp-json\/wp\/v2\/types\/product"}],"replies":[{"embeddable":true,"href":"https:\/\/develop.eam-scientific.com\/tr\/wp-json\/wp\/v2\/comments?post=14406"}],"wp:featuredmedia":[{"embeddable":true,"href":"https:\/\/develop.eam-scientific.com\/tr\/wp-json\/wp\/v2\/media\/11072"}],"wp:attachment":[{"href":"https:\/\/develop.eam-scientific.com\/tr\/wp-json\/wp\/v2\/media?parent=14406"}],"wp:term":[{"taxonomy":"product_cat","embeddable":true,"href":"https:\/\/develop.eam-scientific.com\/tr\/wp-json\/wp\/v2\/product_cat?post=14406"},{"taxonomy":"product_tag","embeddable":true,"href":"https:\/\/develop.eam-scientific.com\/tr\/wp-json\/wp\/v2\/product_tag?post=14406"}],"curies":[{"name":"wp","href":"https:\/\/api.w.org\/{rel}","templated":true}]}}