{"id":14408,"date":"2024-06-20T15:28:24","date_gmt":"2024-06-20T13:28:24","guid":{"rendered":"http:\/\/develop.eam-scientific.com\/produkt\/vp-10-8-oen-kolonlar-icin-varioprep-oen-kolon-tutucu\/"},"modified":"2024-06-20T15:28:24","modified_gmt":"2024-06-20T13:28:24","slug":"vp-10-8-oen-kolonlar-icin-varioprep-oen-kolon-tutucu","status":"publish","type":"product","link":"https:\/\/develop.eam-scientific.com\/tr\/produkt\/vp-10-8-oen-kolonlar-icin-varioprep-oen-kolon-tutucu\/","title":{"rendered":"VP 10\/8 \u00f6n kolonlar i\u00e7in VarioPrep \u00f6n kolon tutucu"},"content":{"rendered":"<p>VarioPrep 8 mm ID VP 10\/8 kolonlar i\u00e7in \u00f6n kolon tutucu. VarioPrep (VP) 8 veya 10 mm ID&#8217;li kolonlar i\u00e7in \u00f6nerilir.<\/p>\n","protected":false},"excerpt":{"rendered":"<p>VarioPrep 8 mm ID VP 10\/8 kolonlar i\u00e7in \u00f6n kolon tutucu. VarioPrep (VP) 8 veya 10 mm ID&#8217;li kolonlar i\u00e7in \u00f6nerilir.<\/p>\n","protected":false},"featured_media":11076,"comment_status":"open","ping_status":"closed","template":"","meta":[],"product_cat":[128,121,67],"product_tag":[],"class_list":{"0":"post-14408","1":"product","2":"type-product","3":"status-publish","4":"has-post-thumbnail","6":"product_cat-hplc-aksesuarlari","7":"product_cat-hplc-ve-uhplc","8":"product_cat-kromatografi","10":"first","11":"instock","12":"shipping-taxable","13":"product-type-simple"},"_links":{"self":[{"href":"https:\/\/develop.eam-scientific.com\/tr\/wp-json\/wp\/v2\/product\/14408","targetHints":{"allow":["GET"]}}],"collection":[{"href":"https:\/\/develop.eam-scientific.com\/tr\/wp-json\/wp\/v2\/product"}],"about":[{"href":"https:\/\/develop.eam-scientific.com\/tr\/wp-json\/wp\/v2\/types\/product"}],"replies":[{"embeddable":true,"href":"https:\/\/develop.eam-scientific.com\/tr\/wp-json\/wp\/v2\/comments?post=14408"}],"wp:featuredmedia":[{"embeddable":true,"href":"https:\/\/develop.eam-scientific.com\/tr\/wp-json\/wp\/v2\/media\/11076"}],"wp:attachment":[{"href":"https:\/\/develop.eam-scientific.com\/tr\/wp-json\/wp\/v2\/media?parent=14408"}],"wp:term":[{"taxonomy":"product_cat","embeddable":true,"href":"https:\/\/develop.eam-scientific.com\/tr\/wp-json\/wp\/v2\/product_cat?post=14408"},{"taxonomy":"product_tag","embeddable":true,"href":"https:\/\/develop.eam-scientific.com\/tr\/wp-json\/wp\/v2\/product_tag?post=14408"}],"curies":[{"name":"wp","href":"https:\/\/api.w.org\/{rel}","templated":true}]}}