{"id":14412,"date":"2024-06-20T15:28:24","date_gmt":"2024-06-20T13:28:24","guid":{"rendered":"http:\/\/develop.eam-scientific.com\/produkt\/ters-fazli-hplc-kolonlari-icin-test-karisimi\/"},"modified":"2024-06-20T15:28:24","modified_gmt":"2024-06-20T13:28:24","slug":"ters-fazli-hplc-kolonlari-icin-test-karisimi","status":"publish","type":"product","link":"https:\/\/develop.eam-scientific.com\/tr\/produkt\/ters-fazli-hplc-kolonlari-icin-test-karisimi\/","title":{"rendered":"Ters fazl\u0131 HPLC kolonlar\u0131 i\u00e7in test kar\u0131\u015f\u0131m\u0131"},"content":{"rendered":"<p>&nbsp;Ters fazl\u0131 kolonlar i\u00e7in test kar\u0131\u015f\u0131m\u0131 (asetonitril i\u00e7inde), 1 mL&#8217;lik paket. Bu \u00fcr\u00fcn etiketleme gerektiren tehlikeli maddeler i\u00e7erir. Detayl\u0131 bilgi i\u00e7in l\u00fctfen g\u00fcvenlik bilgi formuna bak\u0131n\u0131z.<\/p>\n","protected":false},"excerpt":{"rendered":"<p>&nbsp;Ters fazl\u0131 kolonlar i\u00e7in test kar\u0131\u015f\u0131m\u0131 (asetonitril i\u00e7inde), 1 mL&#8217;lik paket. Bu \u00fcr\u00fcn etiketleme gerektiren tehlikeli maddeler i\u00e7erir. Detayl\u0131 bilgi i\u00e7in l\u00fctfen g\u00fcvenlik bilgi formuna bak\u0131n\u0131z.<\/p>\n","protected":false},"featured_media":11074,"comment_status":"open","ping_status":"closed","template":"","meta":[],"product_cat":[128,121,67],"product_tag":[],"class_list":{"0":"post-14412","1":"product","2":"type-product","3":"status-publish","4":"has-post-thumbnail","6":"product_cat-hplc-aksesuarlari","7":"product_cat-hplc-ve-uhplc","8":"product_cat-kromatografi","10":"first","11":"instock","12":"shipping-taxable","13":"product-type-simple"},"_links":{"self":[{"href":"https:\/\/develop.eam-scientific.com\/tr\/wp-json\/wp\/v2\/product\/14412","targetHints":{"allow":["GET"]}}],"collection":[{"href":"https:\/\/develop.eam-scientific.com\/tr\/wp-json\/wp\/v2\/product"}],"about":[{"href":"https:\/\/develop.eam-scientific.com\/tr\/wp-json\/wp\/v2\/types\/product"}],"replies":[{"embeddable":true,"href":"https:\/\/develop.eam-scientific.com\/tr\/wp-json\/wp\/v2\/comments?post=14412"}],"wp:featuredmedia":[{"embeddable":true,"href":"https:\/\/develop.eam-scientific.com\/tr\/wp-json\/wp\/v2\/media\/11074"}],"wp:attachment":[{"href":"https:\/\/develop.eam-scientific.com\/tr\/wp-json\/wp\/v2\/media?parent=14412"}],"wp:term":[{"taxonomy":"product_cat","embeddable":true,"href":"https:\/\/develop.eam-scientific.com\/tr\/wp-json\/wp\/v2\/product_cat?post=14412"},{"taxonomy":"product_tag","embeddable":true,"href":"https:\/\/develop.eam-scientific.com\/tr\/wp-json\/wp\/v2\/product_tag?post=14412"}],"curies":[{"name":"wp","href":"https:\/\/api.w.org\/{rel}","templated":true}]}}