{"id":14414,"date":"2024-06-20T15:28:24","date_gmt":"2024-06-20T13:28:24","guid":{"rendered":"http:\/\/develop.eam-scientific.com\/produkt\/ref-718966-icin-012-mm-id-yedek-kapiler-celik-dahil-baglanti-vidasi-yueksuek\/"},"modified":"2024-06-20T15:28:24","modified_gmt":"2024-06-20T13:28:24","slug":"ref-718966-icin-012-mm-id-yedek-kapiler-celik-dahil-baglanti-vidasi-yueksuek","status":"publish","type":"product","link":"https:\/\/develop.eam-scientific.com\/tr\/produkt\/ref-718966-icin-012-mm-id-yedek-kapiler-celik-dahil-baglanti-vidasi-yueksuek\/","title":{"rendered":"REF 718966 i\u00e7in 0,12 mm ID yedek kapiler, \u00e7elik, dahil. Ba\u011flant\u0131 vidas\u0131 + y\u00fcks\u00fck"},"content":{"rendered":"<p>Kolon Koruma Sistemi \u00f6n kolon tutucusu i\u00e7in yedek kapiler (REF 718966). Ba\u011flant\u0131 vidal\u0131 ve metal y\u00fcks\u00fckl\u00fc \u00e7elik kapiler 0,12 mm ID<\/p>\n","protected":false},"excerpt":{"rendered":"<p>Kolon Koruma Sistemi \u00f6n kolon tutucusu i\u00e7in yedek kapiler (REF 718966). Ba\u011flant\u0131 vidal\u0131 ve metal y\u00fcks\u00fckl\u00fc \u00e7elik kapiler 0,12 mm ID<\/p>\n","protected":false},"featured_media":11068,"comment_status":"open","ping_status":"closed","template":"","meta":[],"product_cat":[128,121,67],"product_tag":[],"class_list":{"0":"post-14414","1":"product","2":"type-product","3":"status-publish","4":"has-post-thumbnail","6":"product_cat-hplc-aksesuarlari","7":"product_cat-hplc-ve-uhplc","8":"product_cat-kromatografi","10":"first","11":"instock","12":"shipping-taxable","13":"product-type-simple"},"_links":{"self":[{"href":"https:\/\/develop.eam-scientific.com\/tr\/wp-json\/wp\/v2\/product\/14414","targetHints":{"allow":["GET"]}}],"collection":[{"href":"https:\/\/develop.eam-scientific.com\/tr\/wp-json\/wp\/v2\/product"}],"about":[{"href":"https:\/\/develop.eam-scientific.com\/tr\/wp-json\/wp\/v2\/types\/product"}],"replies":[{"embeddable":true,"href":"https:\/\/develop.eam-scientific.com\/tr\/wp-json\/wp\/v2\/comments?post=14414"}],"wp:featuredmedia":[{"embeddable":true,"href":"https:\/\/develop.eam-scientific.com\/tr\/wp-json\/wp\/v2\/media\/11068"}],"wp:attachment":[{"href":"https:\/\/develop.eam-scientific.com\/tr\/wp-json\/wp\/v2\/media?parent=14414"}],"wp:term":[{"taxonomy":"product_cat","embeddable":true,"href":"https:\/\/develop.eam-scientific.com\/tr\/wp-json\/wp\/v2\/product_cat?post=14414"},{"taxonomy":"product_tag","embeddable":true,"href":"https:\/\/develop.eam-scientific.com\/tr\/wp-json\/wp\/v2\/product_tag?post=14414"}],"curies":[{"name":"wp","href":"https:\/\/api.w.org\/{rel}","templated":true}]}}