{"id":14427,"date":"2024-06-20T15:28:02","date_gmt":"2024-06-20T13:28:02","guid":{"rendered":"http:\/\/develop.eam-scientific.com\/produkt\/peek-ve-ptfe-kapilerler-icin-giyotin-kesici-kelepce-kesici-kirmizi\/"},"modified":"2024-06-20T15:28:02","modified_gmt":"2024-06-20T13:28:02","slug":"peek-ve-ptfe-kapilerler-icin-giyotin-kesici-kelepce-kesici-kirmizi","status":"publish","type":"product","link":"https:\/\/develop.eam-scientific.com\/tr\/produkt\/peek-ve-ptfe-kapilerler-icin-giyotin-kesici-kelepce-kesici-kirmizi\/","title":{"rendered":"PEEK ve PTFE kapilerler i\u00e7in giyotin kesici (kelep\u00e7e kesici), k\u0131rm\u0131z\u0131"},"content":{"rendered":"<p>HPLC aksesuarlar\u0131 &#8211; Polimer t\u00fcpler i\u00e7in giyotin kesici, k\u0131rm\u0131z\u0131.<\/p>\n","protected":false},"excerpt":{"rendered":"<p>HPLC aksesuarlar\u0131 &#8211; Polimer t\u00fcpler i\u00e7in giyotin kesici, k\u0131rm\u0131z\u0131.<\/p>\n","protected":false},"featured_media":11052,"comment_status":"open","ping_status":"closed","template":"","meta":[],"product_cat":[128,121,67],"product_tag":[],"class_list":{"0":"post-14427","1":"product","2":"type-product","3":"status-publish","4":"has-post-thumbnail","6":"product_cat-hplc-aksesuarlari","7":"product_cat-hplc-ve-uhplc","8":"product_cat-kromatografi","10":"first","11":"instock","12":"shipping-taxable","13":"product-type-simple"},"_links":{"self":[{"href":"https:\/\/develop.eam-scientific.com\/tr\/wp-json\/wp\/v2\/product\/14427","targetHints":{"allow":["GET"]}}],"collection":[{"href":"https:\/\/develop.eam-scientific.com\/tr\/wp-json\/wp\/v2\/product"}],"about":[{"href":"https:\/\/develop.eam-scientific.com\/tr\/wp-json\/wp\/v2\/types\/product"}],"replies":[{"embeddable":true,"href":"https:\/\/develop.eam-scientific.com\/tr\/wp-json\/wp\/v2\/comments?post=14427"}],"wp:featuredmedia":[{"embeddable":true,"href":"https:\/\/develop.eam-scientific.com\/tr\/wp-json\/wp\/v2\/media\/11052"}],"wp:attachment":[{"href":"https:\/\/develop.eam-scientific.com\/tr\/wp-json\/wp\/v2\/media?parent=14427"}],"wp:term":[{"taxonomy":"product_cat","embeddable":true,"href":"https:\/\/develop.eam-scientific.com\/tr\/wp-json\/wp\/v2\/product_cat?post=14427"},{"taxonomy":"product_tag","embeddable":true,"href":"https:\/\/develop.eam-scientific.com\/tr\/wp-json\/wp\/v2\/product_tag?post=14427"}],"curies":[{"name":"wp","href":"https:\/\/api.w.org\/{rel}","templated":true}]}}