{"id":14431,"date":"2024-06-20T15:28:02","date_gmt":"2024-06-20T13:28:02","guid":{"rendered":"http:\/\/develop.eam-scientific.com\/produkt\/polimer-kilcal-damarlar-icin-clean-cut-kesici-bicak-kesici-mavi\/"},"modified":"2024-06-20T15:28:02","modified_gmt":"2024-06-20T13:28:02","slug":"polimer-kilcal-damarlar-icin-clean-cut-kesici-bicak-kesici-mavi","status":"publish","type":"product","link":"https:\/\/develop.eam-scientific.com\/tr\/produkt\/polimer-kilcal-damarlar-icin-clean-cut-kesici-bicak-kesici-mavi\/","title":{"rendered":"Polimer k\u0131lcal damarlar i\u00e7in Clean-Cut kesici (b\u0131\u00e7ak kesici), mavi"},"content":{"rendered":"<p>HPLC aksesuarlar\u0131 &#8211; Polimer kapilerler i\u00e7in Clean-Cut kesici (\u00f6rn. PEEK, PTFE&#8217;den yap\u0131lm\u0131\u015f), kapiler k\u0131lavuzlu mavi.<\/p>\n","protected":false},"excerpt":{"rendered":"<p>HPLC aksesuarlar\u0131 &#8211; Polimer kapilerler i\u00e7in Clean-Cut kesici (\u00f6rn. PEEK, PTFE&#8217;den yap\u0131lm\u0131\u015f), kapiler k\u0131lavuzlu mavi.<\/p>\n","protected":false},"featured_media":11050,"comment_status":"open","ping_status":"closed","template":"","meta":[],"product_cat":[128,121,67],"product_tag":[],"class_list":{"0":"post-14431","1":"product","2":"type-product","3":"status-publish","4":"has-post-thumbnail","6":"product_cat-hplc-aksesuarlari","7":"product_cat-hplc-ve-uhplc","8":"product_cat-kromatografi","10":"first","11":"instock","12":"shipping-taxable","13":"product-type-simple"},"_links":{"self":[{"href":"https:\/\/develop.eam-scientific.com\/tr\/wp-json\/wp\/v2\/product\/14431","targetHints":{"allow":["GET"]}}],"collection":[{"href":"https:\/\/develop.eam-scientific.com\/tr\/wp-json\/wp\/v2\/product"}],"about":[{"href":"https:\/\/develop.eam-scientific.com\/tr\/wp-json\/wp\/v2\/types\/product"}],"replies":[{"embeddable":true,"href":"https:\/\/develop.eam-scientific.com\/tr\/wp-json\/wp\/v2\/comments?post=14431"}],"wp:featuredmedia":[{"embeddable":true,"href":"https:\/\/develop.eam-scientific.com\/tr\/wp-json\/wp\/v2\/media\/11050"}],"wp:attachment":[{"href":"https:\/\/develop.eam-scientific.com\/tr\/wp-json\/wp\/v2\/media?parent=14431"}],"wp:term":[{"taxonomy":"product_cat","embeddable":true,"href":"https:\/\/develop.eam-scientific.com\/tr\/wp-json\/wp\/v2\/product_cat?post=14431"},{"taxonomy":"product_tag","embeddable":true,"href":"https:\/\/develop.eam-scientific.com\/tr\/wp-json\/wp\/v2\/product_tag?post=14431"}],"curies":[{"name":"wp","href":"https:\/\/api.w.org\/{rel}","templated":true}]}}