{"id":14440,"date":"2024-06-20T15:28:02","date_gmt":"2024-06-20T13:28:02","guid":{"rendered":"http:\/\/develop.eam-scientific.com\/produkt\/yueksuek-1-16-peek\/"},"modified":"2024-06-20T15:28:02","modified_gmt":"2024-06-20T13:28:02","slug":"yueksuek-1-16-peek","status":"publish","type":"product","link":"https:\/\/develop.eam-scientific.com\/tr\/produkt\/yueksuek-1-16-peek\/","title":{"rendered":"Y\u00fcks\u00fck 1\/16&#8243;, PEEK"},"content":{"rendered":"<p>PEEK (PolyEtherEtherKetone), kimyasal direnci ve y\u00fcksek mekanik kararl\u0131l\u0131\u011f\u0131 a\u00e7\u0131s\u0131ndan HPLC uygulamalar\u0131 i\u00e7in t\u00fcm gereksinimleri kar\u015f\u0131layan poliarileterketonlar (PAEK) grubundan y\u00fcksek performansl\u0131 bir polimerdir. \u0130yon kromatografisi ve biyopolimerlerin kromatografisi gibi baz\u0131 HPLC uygulama alanlar\u0131nda PEEK, metal olmayan bir malzemenin gerekliliklerini yerine getirir. T\u00fcm vida ba\u011flant\u0131lar\u0131 elle s\u0131k\u0131labilir.<\/p>\n","protected":false},"excerpt":{"rendered":"<p>PEEK (PolyEtherEtherKetone), kimyasal direnci ve y\u00fcksek mekanik kararl\u0131l\u0131\u011f\u0131 a\u00e7\u0131s\u0131ndan HPLC uygulamalar\u0131 i\u00e7in t\u00fcm gereksinimleri kar\u015f\u0131layan poliarileterketonlar (PAEK) grubundan y\u00fcksek performansl\u0131 bir polimerdir. \u0130yon kromatografisi ve biyopolimerlerin kromatografisi gibi baz\u0131 HPLC uygulama alanlar\u0131nda PEEK, metal olmayan bir malzemenin gerekliliklerini yerine getirir. T\u00fcm vida ba\u011flant\u0131lar\u0131 elle s\u0131k\u0131labilir.<\/p>\n","protected":false},"featured_media":11040,"comment_status":"open","ping_status":"closed","template":"","meta":[],"product_cat":[128,121,67],"product_tag":[],"class_list":{"0":"post-14440","1":"product","2":"type-product","3":"status-publish","4":"has-post-thumbnail","6":"product_cat-hplc-aksesuarlari","7":"product_cat-hplc-ve-uhplc","8":"product_cat-kromatografi","10":"first","11":"instock","12":"shipping-taxable","13":"product-type-simple"},"_links":{"self":[{"href":"https:\/\/develop.eam-scientific.com\/tr\/wp-json\/wp\/v2\/product\/14440","targetHints":{"allow":["GET"]}}],"collection":[{"href":"https:\/\/develop.eam-scientific.com\/tr\/wp-json\/wp\/v2\/product"}],"about":[{"href":"https:\/\/develop.eam-scientific.com\/tr\/wp-json\/wp\/v2\/types\/product"}],"replies":[{"embeddable":true,"href":"https:\/\/develop.eam-scientific.com\/tr\/wp-json\/wp\/v2\/comments?post=14440"}],"wp:featuredmedia":[{"embeddable":true,"href":"https:\/\/develop.eam-scientific.com\/tr\/wp-json\/wp\/v2\/media\/11040"}],"wp:attachment":[{"href":"https:\/\/develop.eam-scientific.com\/tr\/wp-json\/wp\/v2\/media?parent=14440"}],"wp:term":[{"taxonomy":"product_cat","embeddable":true,"href":"https:\/\/develop.eam-scientific.com\/tr\/wp-json\/wp\/v2\/product_cat?post=14440"},{"taxonomy":"product_tag","embeddable":true,"href":"https:\/\/develop.eam-scientific.com\/tr\/wp-json\/wp\/v2\/product_tag?post=14440"}],"curies":[{"name":"wp","href":"https:\/\/api.w.org\/{rel}","templated":true}]}}