{"id":14443,"date":"2024-06-20T15:28:02","date_gmt":"2024-06-20T13:28:02","guid":{"rendered":"http:\/\/develop.eam-scientific.com\/produkt\/21x4-mm-valco-tipi-hplc-oen-kolonlarinin-ayri-kullanimi-icin-oen-kolon-tutucu-c\/"},"modified":"2024-06-20T15:28:02","modified_gmt":"2024-06-20T13:28:02","slug":"21x4-mm-valco-tipi-hplc-oen-kolonlarinin-ayri-kullanimi-icin-oen-kolon-tutucu-c","status":"publish","type":"product","link":"https:\/\/develop.eam-scientific.com\/tr\/produkt\/21x4-mm-valco-tipi-hplc-oen-kolonlarinin-ayri-kullanimi-icin-oen-kolon-tutucu-c\/","title":{"rendered":"21&#215;4 mm Valco tipi HPLC \u00f6n kolonlar\u0131n\u0131n ayr\u0131 kullan\u0131m\u0131 i\u00e7in \u00f6n kolon tutucu C"},"content":{"rendered":"<p>Kromatografiniz i\u00e7in koruma! 21&#215;4 mm Valco-Type (VA) HPLC \u00f6n kolonlar\u0131 ile kullan\u0131m i\u00e7in \u00f6n kolon tutucu C.<\/p>\n","protected":false},"excerpt":{"rendered":"<p>Kromatografiniz i\u00e7in koruma! 21&#215;4 mm Valco-Type (VA) HPLC \u00f6n kolonlar\u0131 ile kullan\u0131m i\u00e7in \u00f6n kolon tutucu C.<\/p>\n","protected":false},"featured_media":11044,"comment_status":"open","ping_status":"closed","template":"","meta":[],"product_cat":[128,121,67],"product_tag":[],"class_list":{"0":"post-14443","1":"product","2":"type-product","3":"status-publish","4":"has-post-thumbnail","6":"product_cat-hplc-aksesuarlari","7":"product_cat-hplc-ve-uhplc","8":"product_cat-kromatografi","10":"first","11":"instock","12":"shipping-taxable","13":"product-type-simple"},"_links":{"self":[{"href":"https:\/\/develop.eam-scientific.com\/tr\/wp-json\/wp\/v2\/product\/14443","targetHints":{"allow":["GET"]}}],"collection":[{"href":"https:\/\/develop.eam-scientific.com\/tr\/wp-json\/wp\/v2\/product"}],"about":[{"href":"https:\/\/develop.eam-scientific.com\/tr\/wp-json\/wp\/v2\/types\/product"}],"replies":[{"embeddable":true,"href":"https:\/\/develop.eam-scientific.com\/tr\/wp-json\/wp\/v2\/comments?post=14443"}],"wp:featuredmedia":[{"embeddable":true,"href":"https:\/\/develop.eam-scientific.com\/tr\/wp-json\/wp\/v2\/media\/11044"}],"wp:attachment":[{"href":"https:\/\/develop.eam-scientific.com\/tr\/wp-json\/wp\/v2\/media?parent=14443"}],"wp:term":[{"taxonomy":"product_cat","embeddable":true,"href":"https:\/\/develop.eam-scientific.com\/tr\/wp-json\/wp\/v2\/product_cat?post=14443"},{"taxonomy":"product_tag","embeddable":true,"href":"https:\/\/develop.eam-scientific.com\/tr\/wp-json\/wp\/v2\/product_tag?post=14443"}],"curies":[{"name":"wp","href":"https:\/\/api.w.org\/{rel}","templated":true}]}}