{"id":14448,"date":"2024-06-20T15:28:02","date_gmt":"2024-06-20T13:28:02","guid":{"rendered":"http:\/\/develop.eam-scientific.com\/produkt\/ref-718966-icin-12-ve-14-mm-acikliga-sahip-cift-acik-uclu-anahtar\/"},"modified":"2024-06-20T15:28:02","modified_gmt":"2024-06-20T13:28:02","slug":"ref-718966-icin-12-ve-14-mm-acikliga-sahip-cift-acik-uclu-anahtar","status":"publish","type":"product","link":"https:\/\/develop.eam-scientific.com\/tr\/produkt\/ref-718966-icin-12-ve-14-mm-acikliga-sahip-cift-acik-uclu-anahtar\/","title":{"rendered":"REF 718966 i\u00e7in 12 ve 14 mm a\u00e7\u0131kl\u0131\u011fa sahip \u00e7ift a\u00e7\u0131k u\u00e7lu anahtar"},"content":{"rendered":"<p>Kolon Koruma Sistemi \u00f6n kolon tutucu i\u00e7in yedek anahtar (REF 718966) 12 ve 14 mm a\u00e7\u0131kl\u0131\u011fa sahip anahtar<\/p>\n","protected":false},"excerpt":{"rendered":"<p>Kolon Koruma Sistemi \u00f6n kolon tutucu i\u00e7in yedek anahtar (REF 718966) 12 ve 14 mm a\u00e7\u0131kl\u0131\u011fa sahip anahtar<\/p>\n","protected":false},"featured_media":11036,"comment_status":"open","ping_status":"closed","template":"","meta":[],"product_cat":[128,121,67],"product_tag":[],"class_list":{"0":"post-14448","1":"product","2":"type-product","3":"status-publish","4":"has-post-thumbnail","6":"product_cat-hplc-aksesuarlari","7":"product_cat-hplc-ve-uhplc","8":"product_cat-kromatografi","10":"first","11":"instock","12":"shipping-taxable","13":"product-type-simple"},"_links":{"self":[{"href":"https:\/\/develop.eam-scientific.com\/tr\/wp-json\/wp\/v2\/product\/14448","targetHints":{"allow":["GET"]}}],"collection":[{"href":"https:\/\/develop.eam-scientific.com\/tr\/wp-json\/wp\/v2\/product"}],"about":[{"href":"https:\/\/develop.eam-scientific.com\/tr\/wp-json\/wp\/v2\/types\/product"}],"replies":[{"embeddable":true,"href":"https:\/\/develop.eam-scientific.com\/tr\/wp-json\/wp\/v2\/comments?post=14448"}],"wp:featuredmedia":[{"embeddable":true,"href":"https:\/\/develop.eam-scientific.com\/tr\/wp-json\/wp\/v2\/media\/11036"}],"wp:attachment":[{"href":"https:\/\/develop.eam-scientific.com\/tr\/wp-json\/wp\/v2\/media?parent=14448"}],"wp:term":[{"taxonomy":"product_cat","embeddable":true,"href":"https:\/\/develop.eam-scientific.com\/tr\/wp-json\/wp\/v2\/product_cat?post=14448"},{"taxonomy":"product_tag","embeddable":true,"href":"https:\/\/develop.eam-scientific.com\/tr\/wp-json\/wp\/v2\/product_tag?post=14448"}],"curies":[{"name":"wp","href":"https:\/\/api.w.org\/{rel}","templated":true}]}}