{"id":14472,"date":"2024-06-20T15:23:58","date_gmt":"2024-06-20T13:23:58","guid":{"rendered":"http:\/\/develop.eam-scientific.com\/produkt\/ec-hplc-kolonu-analitik-nucleogen-60-7-deae-7-%c2%b5m-125x4-mm\/"},"modified":"2024-06-20T15:23:58","modified_gmt":"2024-06-20T13:23:58","slug":"ec-hplc-kolonu-analitik-nucleogen-60-7-deae-7-%c2%b5m-125x4-mm","status":"publish","type":"product","link":"https:\/\/develop.eam-scientific.com\/tr\/produkt\/ec-hplc-kolonu-analitik-nucleogen-60-7-deae-7-%c2%b5m-125x4-mm\/","title":{"rendered":"EC HPLC kolonu (analitik), NUCLEOGEN 60-7 DEAE, 7 \u00b5m, 125&#215;4 mm"},"content":{"rendered":"<p>N\u00fckleik asitlerin anyon de\u011fi\u015fim kromatografisi i\u00e7in silika bazl\u0131 HPLC faz\u0131. Oligon\u00fckleotidlerin %95&#8217;ten fazla geri kazan\u0131mla 40 baz zincir uzunlu\u011funa kadar ayr\u0131lmas\u0131 i\u00e7in. Kapasite 200 A260\/mL (125 x 4 mm ID kolon i\u00e7in ~ 300 A260, 125 x 10 mm ID kolon i\u00e7in 1875 A260). Daha y\u00fcksek ak\u0131\u015f h\u0131zlar\u0131nda ve daha uzun gradyan s\u00fcrelerinde preparatif ay\u0131rma m\u00fcmk\u00fcnd\u00fcr.<\/p>\n","protected":false},"excerpt":{"rendered":"<p>N\u00fckleik asitlerin anyon de\u011fi\u015fim kromatografisi i\u00e7in silika bazl\u0131 HPLC faz\u0131. Oligon\u00fckleotidlerin %95&#8217;ten fazla geri kazan\u0131mla 40 baz zincir uzunlu\u011funa kadar ayr\u0131lmas\u0131 i\u00e7in. Kapasite 200 A260\/mL (125 x 4 mm ID kolon i\u00e7in ~ 300 A260, 125 x 10 mm ID kolon i\u00e7in 1875 A260). Daha y\u00fcksek ak\u0131\u015f h\u0131zlar\u0131nda ve daha uzun gradyan s\u00fcrelerinde preparatif ay\u0131rma [&hellip;]<\/p>\n","protected":false},"featured_media":10514,"comment_status":"open","ping_status":"closed","template":"","meta":[],"product_cat":[121,122,67],"product_tag":[],"class_list":{"0":"post-14472","1":"product","2":"type-product","3":"status-publish","4":"has-post-thumbnail","6":"product_cat-hplc-ve-uhplc","7":"product_cat-hplc-ve-uhplc-kolonlari","8":"product_cat-kromatografi","10":"first","11":"instock","12":"shipping-taxable","13":"product-type-simple"},"_links":{"self":[{"href":"https:\/\/develop.eam-scientific.com\/tr\/wp-json\/wp\/v2\/product\/14472","targetHints":{"allow":["GET"]}}],"collection":[{"href":"https:\/\/develop.eam-scientific.com\/tr\/wp-json\/wp\/v2\/product"}],"about":[{"href":"https:\/\/develop.eam-scientific.com\/tr\/wp-json\/wp\/v2\/types\/product"}],"replies":[{"embeddable":true,"href":"https:\/\/develop.eam-scientific.com\/tr\/wp-json\/wp\/v2\/comments?post=14472"}],"wp:featuredmedia":[{"embeddable":true,"href":"https:\/\/develop.eam-scientific.com\/tr\/wp-json\/wp\/v2\/media\/10514"}],"wp:attachment":[{"href":"https:\/\/develop.eam-scientific.com\/tr\/wp-json\/wp\/v2\/media?parent=14472"}],"wp:term":[{"taxonomy":"product_cat","embeddable":true,"href":"https:\/\/develop.eam-scientific.com\/tr\/wp-json\/wp\/v2\/product_cat?post=14472"},{"taxonomy":"product_tag","embeddable":true,"href":"https:\/\/develop.eam-scientific.com\/tr\/wp-json\/wp\/v2\/product_tag?post=14472"}],"curies":[{"name":"wp","href":"https:\/\/api.w.org\/{rel}","templated":true}]}}