{"id":14487,"date":"2024-06-20T15:27:54","date_gmt":"2024-06-20T13:27:54","guid":{"rendered":"http:\/\/develop.eam-scientific.com\/produkt\/hplc-ambalaj-malzemesi-sorbentler-doekme-nucleodur-100-50-%c2%b5m\/"},"modified":"2024-06-20T15:27:54","modified_gmt":"2024-06-20T13:27:54","slug":"hplc-ambalaj-malzemesi-sorbentler-doekme-nucleodur-100-50-%c2%b5m","status":"publish","type":"product","link":"https:\/\/develop.eam-scientific.com\/tr\/produkt\/hplc-ambalaj-malzemesi-sorbentler-doekme-nucleodur-100-50-%c2%b5m\/","title":{"rendered":"HPLC, ambalaj malzemesi (sorbentler, d\u00f6kme), NUCLEODUR 100-50 \u00b5m"},"content":{"rendered":"<p>HPLC paketleme malzemesi, normal faz uygulamalar\u0131 i\u00e7in sorbent. Y\u00fcksek safl\u0131kta NUCLEODUR silika jel bazl\u0131, k\u00fcresel partik\u00fcller.<\/p>\n","protected":false},"excerpt":{"rendered":"<p>HPLC paketleme malzemesi, normal faz uygulamalar\u0131 i\u00e7in sorbent. Y\u00fcksek safl\u0131kta NUCLEODUR silika jel bazl\u0131, k\u00fcresel partik\u00fcller.<\/p>\n","protected":false},"featured_media":11006,"comment_status":"open","ping_status":"closed","template":"","meta":[],"product_cat":[129,121,67],"product_tag":[],"class_list":{"0":"post-14487","1":"product","2":"type-product","3":"status-publish","4":"has-post-thumbnail","6":"product_cat-hplc-sorbentleri","7":"product_cat-hplc-ve-uhplc","8":"product_cat-kromatografi","10":"first","11":"instock","12":"shipping-taxable","13":"product-type-simple"},"_links":{"self":[{"href":"https:\/\/develop.eam-scientific.com\/tr\/wp-json\/wp\/v2\/product\/14487","targetHints":{"allow":["GET"]}}],"collection":[{"href":"https:\/\/develop.eam-scientific.com\/tr\/wp-json\/wp\/v2\/product"}],"about":[{"href":"https:\/\/develop.eam-scientific.com\/tr\/wp-json\/wp\/v2\/types\/product"}],"replies":[{"embeddable":true,"href":"https:\/\/develop.eam-scientific.com\/tr\/wp-json\/wp\/v2\/comments?post=14487"}],"wp:featuredmedia":[{"embeddable":true,"href":"https:\/\/develop.eam-scientific.com\/tr\/wp-json\/wp\/v2\/media\/11006"}],"wp:attachment":[{"href":"https:\/\/develop.eam-scientific.com\/tr\/wp-json\/wp\/v2\/media?parent=14487"}],"wp:term":[{"taxonomy":"product_cat","embeddable":true,"href":"https:\/\/develop.eam-scientific.com\/tr\/wp-json\/wp\/v2\/product_cat?post=14487"},{"taxonomy":"product_tag","embeddable":true,"href":"https:\/\/develop.eam-scientific.com\/tr\/wp-json\/wp\/v2\/product_tag?post=14487"}],"curies":[{"name":"wp","href":"https:\/\/api.w.org\/{rel}","templated":true}]}}