{"id":14528,"date":"2024-06-20T15:27:23","date_gmt":"2024-06-20T13:27:23","guid":{"rendered":"http:\/\/develop.eam-scientific.com\/produkt\/va-hplc-kolonu-analitik-nucleogel-sugar-810-h-8-10-%c2%b5m-300x78-mm\/"},"modified":"2024-06-20T15:27:23","modified_gmt":"2024-06-20T13:27:23","slug":"va-hplc-kolonu-analitik-nucleogel-sugar-810-h-8-10-%c2%b5m-300x78-mm","status":"publish","type":"product","link":"https:\/\/develop.eam-scientific.com\/tr\/produkt\/va-hplc-kolonu-analitik-nucleogel-sugar-810-h-8-10-%c2%b5m-300x78-mm\/","title":{"rendered":"VA HPLC kolonu (analitik), NUCLEOGEL SUGAR 810 H, 8-10 \u00b5m, 300&#215;7,8 mm"},"content":{"rendered":"<p>\u015eekerlerin ayr\u0131lmas\u0131 i\u00e7in polimer bazl\u0131 HPLC faz\u0131. H-iyonu formunda s\u00fclfonlanm\u0131\u015f polistiren\/divinilbenzen re\u00e7ineleri. NUCLEOGEL SUGAR kolonlar\u0131na k\u0131yasla farkl\u0131 bir se\u00e7icilik modeli, uygulama aral\u0131\u011f\u0131n\u0131 \u00f6nemli \u00f6l\u00e7\u00fcde geni\u015fletir. Ay\u0131rma mekanizmas\u0131 iyon d\u0131\u015flama, iyon de\u011fi\u015fimi, boyut d\u0131\u015flama, ligand de\u011fi\u015fiminin yan\u0131 s\u0131ra NP ve RP kromatografisine dayanmaktad\u0131r.<\/p>\n","protected":false},"excerpt":{"rendered":"<p>\u015eekerlerin ayr\u0131lmas\u0131 i\u00e7in polimer bazl\u0131 HPLC faz\u0131. H-iyonu formunda s\u00fclfonlanm\u0131\u015f polistiren\/divinilbenzen re\u00e7ineleri. NUCLEOGEL SUGAR kolonlar\u0131na k\u0131yasla farkl\u0131 bir se\u00e7icilik modeli, uygulama aral\u0131\u011f\u0131n\u0131 \u00f6nemli \u00f6l\u00e7\u00fcde geni\u015fletir. Ay\u0131rma mekanizmas\u0131 iyon d\u0131\u015flama, iyon de\u011fi\u015fimi, boyut d\u0131\u015flama, ligand de\u011fi\u015fiminin yan\u0131 s\u0131ra NP ve RP kromatografisine dayanmaktad\u0131r.<\/p>\n","protected":false},"featured_media":10960,"comment_status":"open","ping_status":"closed","template":"","meta":[],"product_cat":[121,122,67],"product_tag":[],"class_list":{"0":"post-14528","1":"product","2":"type-product","3":"status-publish","4":"has-post-thumbnail","6":"product_cat-hplc-ve-uhplc","7":"product_cat-hplc-ve-uhplc-kolonlari","8":"product_cat-kromatografi","10":"first","11":"instock","12":"shipping-taxable","13":"product-type-simple"},"_links":{"self":[{"href":"https:\/\/develop.eam-scientific.com\/tr\/wp-json\/wp\/v2\/product\/14528","targetHints":{"allow":["GET"]}}],"collection":[{"href":"https:\/\/develop.eam-scientific.com\/tr\/wp-json\/wp\/v2\/product"}],"about":[{"href":"https:\/\/develop.eam-scientific.com\/tr\/wp-json\/wp\/v2\/types\/product"}],"replies":[{"embeddable":true,"href":"https:\/\/develop.eam-scientific.com\/tr\/wp-json\/wp\/v2\/comments?post=14528"}],"wp:featuredmedia":[{"embeddable":true,"href":"https:\/\/develop.eam-scientific.com\/tr\/wp-json\/wp\/v2\/media\/10960"}],"wp:attachment":[{"href":"https:\/\/develop.eam-scientific.com\/tr\/wp-json\/wp\/v2\/media?parent=14528"}],"wp:term":[{"taxonomy":"product_cat","embeddable":true,"href":"https:\/\/develop.eam-scientific.com\/tr\/wp-json\/wp\/v2\/product_cat?post=14528"},{"taxonomy":"product_tag","embeddable":true,"href":"https:\/\/develop.eam-scientific.com\/tr\/wp-json\/wp\/v2\/product_tag?post=14528"}],"curies":[{"name":"wp","href":"https:\/\/api.w.org\/{rel}","templated":true}]}}