{"id":14597,"date":"2024-06-20T15:26:58","date_gmt":"2024-06-20T13:26:58","guid":{"rendered":"http:\/\/develop.eam-scientific.com\/produkt\/ec-hplc-kolonu-analitik-nucleodex-beta-pm-5-%c2%b5m-200x4-mm\/"},"modified":"2024-06-20T15:26:58","modified_gmt":"2024-06-20T13:26:58","slug":"ec-hplc-kolonu-analitik-nucleodex-beta-pm-5-%c2%b5m-200x4-mm","status":"publish","type":"product","link":"https:\/\/develop.eam-scientific.com\/tr\/produkt\/ec-hplc-kolonu-analitik-nucleodex-beta-pm-5-%c2%b5m-200x4-mm\/","title":{"rendered":"EC HPLC kolonu (analitik), NUCLEODEX BETA-PM, 5 \u00b5m, 200&#215;4 mm"},"content":{"rendered":"<p>HPLC enantiyomer ayr\u0131m\u0131 i\u00e7in siklodekstrin modifiye silika jel fazlar\u0131. T\u00fcm permetillenmi\u015f fazlar i\u00e7in hidrojen ba\u011f\u0131 olu\u015fturma yetene\u011fi azal\u0131r, faz\u0131n hidrofobikli\u011fi \u03b2-OH&#8217;ye k\u0131yasla artar ve bu da daha k\u0131sa al\u0131konma s\u00fcrelerine yol a\u00e7ar.<\/p>\n","protected":false},"excerpt":{"rendered":"<p>HPLC enantiyomer ayr\u0131m\u0131 i\u00e7in siklodekstrin modifiye silika jel fazlar\u0131. T\u00fcm permetillenmi\u015f fazlar i\u00e7in hidrojen ba\u011f\u0131 olu\u015fturma yetene\u011fi azal\u0131r, faz\u0131n hidrofobikli\u011fi \u03b2-OH&#8217;ye k\u0131yasla artar ve bu da daha k\u0131sa al\u0131konma s\u00fcrelerine yol a\u00e7ar.<\/p>\n","protected":false},"featured_media":10896,"comment_status":"open","ping_status":"closed","template":"","meta":[],"product_cat":[121,122,67],"product_tag":[],"class_list":{"0":"post-14597","1":"product","2":"type-product","3":"status-publish","4":"has-post-thumbnail","6":"product_cat-hplc-ve-uhplc","7":"product_cat-hplc-ve-uhplc-kolonlari","8":"product_cat-kromatografi","10":"first","11":"instock","12":"shipping-taxable","13":"product-type-simple"},"_links":{"self":[{"href":"https:\/\/develop.eam-scientific.com\/tr\/wp-json\/wp\/v2\/product\/14597","targetHints":{"allow":["GET"]}}],"collection":[{"href":"https:\/\/develop.eam-scientific.com\/tr\/wp-json\/wp\/v2\/product"}],"about":[{"href":"https:\/\/develop.eam-scientific.com\/tr\/wp-json\/wp\/v2\/types\/product"}],"replies":[{"embeddable":true,"href":"https:\/\/develop.eam-scientific.com\/tr\/wp-json\/wp\/v2\/comments?post=14597"}],"wp:featuredmedia":[{"embeddable":true,"href":"https:\/\/develop.eam-scientific.com\/tr\/wp-json\/wp\/v2\/media\/10896"}],"wp:attachment":[{"href":"https:\/\/develop.eam-scientific.com\/tr\/wp-json\/wp\/v2\/media?parent=14597"}],"wp:term":[{"taxonomy":"product_cat","embeddable":true,"href":"https:\/\/develop.eam-scientific.com\/tr\/wp-json\/wp\/v2\/product_cat?post=14597"},{"taxonomy":"product_tag","embeddable":true,"href":"https:\/\/develop.eam-scientific.com\/tr\/wp-json\/wp\/v2\/product_tag?post=14597"}],"curies":[{"name":"wp","href":"https:\/\/api.w.org\/{rel}","templated":true}]}}