{"id":14616,"date":"2024-06-20T15:26:49","date_gmt":"2024-06-20T13:26:49","guid":{"rendered":"http:\/\/develop.eam-scientific.com\/produkt\/va-hplc-kolonu-analitik-nucleogel-sugar-na-8-10-%c2%b5m-300x78-mm\/"},"modified":"2024-06-20T15:26:49","modified_gmt":"2024-06-20T13:26:49","slug":"va-hplc-kolonu-analitik-nucleogel-sugar-na-8-10-%c2%b5m-300x78-mm","status":"publish","type":"product","link":"https:\/\/develop.eam-scientific.com\/tr\/produkt\/va-hplc-kolonu-analitik-nucleogel-sugar-na-8-10-%c2%b5m-300x78-mm\/","title":{"rendered":"VA HPLC kolonu (analitik), NUCLEOGEL SUGAR Na, 8-10 \u00b5m, 300&#215;7,8 mm"},"content":{"rendered":"<p>\u015eekerlerin ayr\u0131lmas\u0131 i\u00e7in polimer bazl\u0131 HPLC faz\u0131. Na-iyon formunda s\u00fclfonlanm\u0131\u015f polistiren\/divinilbenzen re\u00e7ineleri. Ay\u0131rma mekanizmas\u0131 sterik d\u0131\u015flama, ligand de\u011fi\u015fimi ve b\u00f6l\u00fcmleme etkilerine dayanmaktad\u0131r; hidratl\u0131 metal iyonlar\u0131 numune molek\u00fcllerinin hidroksil gruplar\u0131yla g\u00fc\u00e7l\u00fc etkile\u015fimler olu\u015fturdu\u011fundan ligand de\u011fi\u015fimi bask\u0131n g\u00fc\u00e7t\u00fcr. Bu etkile\u015fimlerin yo\u011funlu\u011fu Pb, Ca, Ca, Na s\u0131ras\u0131na g\u00f6re azal\u0131r.<\/p>\n","protected":false},"excerpt":{"rendered":"<p>\u015eekerlerin ayr\u0131lmas\u0131 i\u00e7in polimer bazl\u0131 HPLC faz\u0131. Na-iyon formunda s\u00fclfonlanm\u0131\u015f polistiren\/divinilbenzen re\u00e7ineleri. Ay\u0131rma mekanizmas\u0131 sterik d\u0131\u015flama, ligand de\u011fi\u015fimi ve b\u00f6l\u00fcmleme etkilerine dayanmaktad\u0131r; hidratl\u0131 metal iyonlar\u0131 numune molek\u00fcllerinin hidroksil gruplar\u0131yla g\u00fc\u00e7l\u00fc etkile\u015fimler olu\u015fturdu\u011fundan ligand de\u011fi\u015fimi bask\u0131n g\u00fc\u00e7t\u00fcr. Bu etkile\u015fimlerin yo\u011funlu\u011fu Pb, Ca, Ca, Na s\u0131ras\u0131na g\u00f6re azal\u0131r.<\/p>\n","protected":false},"featured_media":10876,"comment_status":"open","ping_status":"closed","template":"","meta":[],"product_cat":[121,122,67],"product_tag":[],"class_list":{"0":"post-14616","1":"product","2":"type-product","3":"status-publish","4":"has-post-thumbnail","6":"product_cat-hplc-ve-uhplc","7":"product_cat-hplc-ve-uhplc-kolonlari","8":"product_cat-kromatografi","10":"first","11":"instock","12":"shipping-taxable","13":"product-type-simple"},"_links":{"self":[{"href":"https:\/\/develop.eam-scientific.com\/tr\/wp-json\/wp\/v2\/product\/14616","targetHints":{"allow":["GET"]}}],"collection":[{"href":"https:\/\/develop.eam-scientific.com\/tr\/wp-json\/wp\/v2\/product"}],"about":[{"href":"https:\/\/develop.eam-scientific.com\/tr\/wp-json\/wp\/v2\/types\/product"}],"replies":[{"embeddable":true,"href":"https:\/\/develop.eam-scientific.com\/tr\/wp-json\/wp\/v2\/comments?post=14616"}],"wp:featuredmedia":[{"embeddable":true,"href":"https:\/\/develop.eam-scientific.com\/tr\/wp-json\/wp\/v2\/media\/10876"}],"wp:attachment":[{"href":"https:\/\/develop.eam-scientific.com\/tr\/wp-json\/wp\/v2\/media?parent=14616"}],"wp:term":[{"taxonomy":"product_cat","embeddable":true,"href":"https:\/\/develop.eam-scientific.com\/tr\/wp-json\/wp\/v2\/product_cat?post=14616"},{"taxonomy":"product_tag","embeddable":true,"href":"https:\/\/develop.eam-scientific.com\/tr\/wp-json\/wp\/v2\/product_tag?post=14616"}],"curies":[{"name":"wp","href":"https:\/\/api.w.org\/{rel}","templated":true}]}}