{"id":14634,"date":"2024-06-20T15:26:43","date_gmt":"2024-06-20T13:26:43","guid":{"rendered":"http:\/\/develop.eam-scientific.com\/produkt\/ec-hplc-kolonu-analitik-nucleosil-100-3-nh2-3-%c2%b5m-250x46-mm\/"},"modified":"2024-06-20T15:26:43","modified_gmt":"2024-06-20T13:26:43","slug":"ec-hplc-kolonu-analitik-nucleosil-100-3-nh2-3-%c2%b5m-250x46-mm","status":"publish","type":"product","link":"https:\/\/develop.eam-scientific.com\/tr\/produkt\/ec-hplc-kolonu-analitik-nucleosil-100-3-nh2-3-%c2%b5m-250x46-mm\/","title":{"rendered":"EC HPLC kolonu (analitik), NUCLEOSIL 100-3 NH2, 3 \u00b5m, 250&#215;4,6 mm"},"content":{"rendered":"<p>Siyano-modifikasyonlar\u0131n yan\u0131 s\u0131ra, amino-modifikasyonlar da en s\u0131k kullan\u0131lan polar silika jel fazlar\u0131 aras\u0131ndad\u0131r. Aminofazlar, RP modunda sulu-organik eluent kar\u0131\u015f\u0131mlar\u0131yla ve NP modunda, \u00f6rne\u011fin mobil faz olarak hekzan ile \u00e7al\u0131\u015ft\u0131r\u0131labilir. Organik de\u011fi\u015ftiricilerle (\u00f6rn. asetonitril) birlikte yayg\u0131n tamponlarla (\u00f6rn. asetat veya fosfat) anyonlar\u0131n ve organik asitlerin iyon de\u011fi\u015fim kromatografisi de m\u00fcmk\u00fcnd\u00fcr. Polar etkile\u015fimler, hidrofobik etkile\u015fimler ve zay\u0131f iyon de\u011fi\u015fim etkile\u015fimlerine dayal\u0131 ay\u0131rma mekanizmas\u0131. Bu HPLC kolonlar\u0131, orijinal NUCLEOSIL silika jele dayal\u0131 polar aminopropil modifikasyonlar\u0131 ile paketlenmi\u015ftir. Bu, HPLC i\u00e7in ilk k\u00fcresel silika jellerden biridir ve 1974 y\u0131l\u0131nda MACHEREY-NAGEL taraf\u0131ndan geli\u015ftirilmi\u015ftir. Sadece Almanya&#8217;da \u00fcretilmektedir ve halen d\u00fcnya \u00e7ap\u0131nda kalite kontrolde en s\u0131k kullan\u0131lan HPLC silika jellerinden biridir.<\/p>\n","protected":false},"excerpt":{"rendered":"<p>Siyano-modifikasyonlar\u0131n yan\u0131 s\u0131ra, amino-modifikasyonlar da en s\u0131k kullan\u0131lan polar silika jel fazlar\u0131 aras\u0131ndad\u0131r. Aminofazlar, RP modunda sulu-organik eluent kar\u0131\u015f\u0131mlar\u0131yla ve NP modunda, \u00f6rne\u011fin mobil faz olarak hekzan ile \u00e7al\u0131\u015ft\u0131r\u0131labilir. Organik de\u011fi\u015ftiricilerle (\u00f6rn. asetonitril) birlikte yayg\u0131n tamponlarla (\u00f6rn. asetat veya fosfat) anyonlar\u0131n ve organik asitlerin iyon de\u011fi\u015fim kromatografisi de m\u00fcmk\u00fcnd\u00fcr. Polar etkile\u015fimler, hidrofobik etkile\u015fimler ve zay\u0131f [&hellip;]<\/p>\n","protected":false},"featured_media":10862,"comment_status":"open","ping_status":"closed","template":"","meta":[],"product_cat":[121,122,67],"product_tag":[],"class_list":{"0":"post-14634","1":"product","2":"type-product","3":"status-publish","4":"has-post-thumbnail","6":"product_cat-hplc-ve-uhplc","7":"product_cat-hplc-ve-uhplc-kolonlari","8":"product_cat-kromatografi","10":"first","11":"instock","12":"shipping-taxable","13":"product-type-simple"},"_links":{"self":[{"href":"https:\/\/develop.eam-scientific.com\/tr\/wp-json\/wp\/v2\/product\/14634","targetHints":{"allow":["GET"]}}],"collection":[{"href":"https:\/\/develop.eam-scientific.com\/tr\/wp-json\/wp\/v2\/product"}],"about":[{"href":"https:\/\/develop.eam-scientific.com\/tr\/wp-json\/wp\/v2\/types\/product"}],"replies":[{"embeddable":true,"href":"https:\/\/develop.eam-scientific.com\/tr\/wp-json\/wp\/v2\/comments?post=14634"}],"wp:featuredmedia":[{"embeddable":true,"href":"https:\/\/develop.eam-scientific.com\/tr\/wp-json\/wp\/v2\/media\/10862"}],"wp:attachment":[{"href":"https:\/\/develop.eam-scientific.com\/tr\/wp-json\/wp\/v2\/media?parent=14634"}],"wp:term":[{"taxonomy":"product_cat","embeddable":true,"href":"https:\/\/develop.eam-scientific.com\/tr\/wp-json\/wp\/v2\/product_cat?post=14634"},{"taxonomy":"product_tag","embeddable":true,"href":"https:\/\/develop.eam-scientific.com\/tr\/wp-json\/wp\/v2\/product_tag?post=14634"}],"curies":[{"name":"wp","href":"https:\/\/api.w.org\/{rel}","templated":true}]}}