{"id":14640,"date":"2024-06-20T15:26:43","date_gmt":"2024-06-20T13:26:43","guid":{"rendered":"http:\/\/develop.eam-scientific.com\/produkt\/ec-hplc-kolonu-analitik-resolvosil-bsa-7-7-%c2%b5m-150x4-mm\/"},"modified":"2024-06-20T15:26:43","modified_gmt":"2024-06-20T13:26:43","slug":"ec-hplc-kolonu-analitik-resolvosil-bsa-7-7-%c2%b5m-150x4-mm","status":"publish","type":"product","link":"https:\/\/develop.eam-scientific.com\/tr\/produkt\/ec-hplc-kolonu-analitik-resolvosil-bsa-7-7-%c2%b5m-150x4-mm\/","title":{"rendered":"EC HPLC kolonu (analitik), RESOLVOSIL BSA-7, 7 \u00b5m, 150&#215;4 mm"},"content":{"rendered":"<p>HPLC enantiyomer ayr\u0131m\u0131 i\u00e7in silika bazl\u0131 protein faz\u0131. Proteinlerin d\u00fc\u015f\u00fck molek\u00fcler a\u011f\u0131rl\u0131kl\u0131 bile\u015fiklerle se\u00e7ici etkile\u015fimlerine, yani hidrofobik etkile\u015fimler (ger\u00e7ek bir ters faza benzer), polar gruplar\u0131n etkile\u015fimleri ve sterik etkiler dahil olmak \u00fczere biyoafinite ilkesine dayal\u0131 ay\u0131rma.<\/p>\n","protected":false},"excerpt":{"rendered":"<p>HPLC enantiyomer ayr\u0131m\u0131 i\u00e7in silika bazl\u0131 protein faz\u0131. Proteinlerin d\u00fc\u015f\u00fck molek\u00fcler a\u011f\u0131rl\u0131kl\u0131 bile\u015fiklerle se\u00e7ici etkile\u015fimlerine, yani hidrofobik etkile\u015fimler (ger\u00e7ek bir ters faza benzer), polar gruplar\u0131n etkile\u015fimleri ve sterik etkiler dahil olmak \u00fczere biyoafinite ilkesine dayal\u0131 ay\u0131rma.<\/p>\n","protected":false},"featured_media":10854,"comment_status":"open","ping_status":"closed","template":"","meta":[],"product_cat":[121,122,67],"product_tag":[],"class_list":{"0":"post-14640","1":"product","2":"type-product","3":"status-publish","4":"has-post-thumbnail","6":"product_cat-hplc-ve-uhplc","7":"product_cat-hplc-ve-uhplc-kolonlari","8":"product_cat-kromatografi","10":"first","11":"instock","12":"shipping-taxable","13":"product-type-simple"},"_links":{"self":[{"href":"https:\/\/develop.eam-scientific.com\/tr\/wp-json\/wp\/v2\/product\/14640","targetHints":{"allow":["GET"]}}],"collection":[{"href":"https:\/\/develop.eam-scientific.com\/tr\/wp-json\/wp\/v2\/product"}],"about":[{"href":"https:\/\/develop.eam-scientific.com\/tr\/wp-json\/wp\/v2\/types\/product"}],"replies":[{"embeddable":true,"href":"https:\/\/develop.eam-scientific.com\/tr\/wp-json\/wp\/v2\/comments?post=14640"}],"wp:featuredmedia":[{"embeddable":true,"href":"https:\/\/develop.eam-scientific.com\/tr\/wp-json\/wp\/v2\/media\/10854"}],"wp:attachment":[{"href":"https:\/\/develop.eam-scientific.com\/tr\/wp-json\/wp\/v2\/media?parent=14640"}],"wp:term":[{"taxonomy":"product_cat","embeddable":true,"href":"https:\/\/develop.eam-scientific.com\/tr\/wp-json\/wp\/v2\/product_cat?post=14640"},{"taxonomy":"product_tag","embeddable":true,"href":"https:\/\/develop.eam-scientific.com\/tr\/wp-json\/wp\/v2\/product_tag?post=14640"}],"curies":[{"name":"wp","href":"https:\/\/api.w.org\/{rel}","templated":true}]}}