{"id":14676,"date":"2024-06-20T15:29:06","date_gmt":"2024-06-20T13:29:06","guid":{"rendered":"http:\/\/develop.eam-scientific.com\/produkt\/dc-cam-plakalar-silika-jel-kaplama-sil-g-uv254-5x20-cm\/"},"modified":"2024-07-01T22:35:51","modified_gmt":"2024-07-01T20:35:51","slug":"dc-cam-plakalar-silika-jel-kaplama-sil-g-uv254-5x20-cm","status":"publish","type":"product","link":"https:\/\/develop.eam-scientific.com\/tr\/produkt\/dc-cam-plakalar-silika-jel-kaplama-sil-g-uv254-5x20-cm\/","title":{"rendered":"TLC cam plakalar, silika jel kaplama, SIL G UV254, 5&#215;20 cm"},"content":{"rendered":"<p>Yumu\u015fak bir modifiye edilmemi\u015f silika jel 60 tabakas\u0131 ile kaplanm\u0131\u015f standart TLC cam plakalar. Analitik plakalar i\u00e7in tabaka kal\u0131nl\u0131\u011f\u0131: 0,25 mm. Preparatif ama\u00e7lar (PLC) i\u00e7in \u00e7e\u015fitli katman kal\u0131nl\u0131klar\u0131 (0,5 mm, 1 mm ve 2 mm) mevcuttur. Biraz daha kaba bir malzeme 2 mm&#8217;lik preparatif katmanlar i\u00e7in kullan\u0131l\u0131r. Farkl\u0131 UV indikat\u00f6rleri ile mevcuttur &#8211; k\u0131sa dalga UV \u0131\u015f\u0131\u011f\u0131nda (254 nm) ye\u015fil floresan veren manganezle aktive edilmi\u015f \u00e7inko silikat; uzun dalga UV \u0131\u015f\u0131\u011f\u0131nda (366 nm) mavi floresan veren \u00f6zel inorganik floresan pigment. SIL G, \u00e7e\u015fitli boyutlarda cam plakalar, al\u00fcminyum folyolar ve polyester folyolar \u00fczerinde mevcuttur.<\/p>\n","protected":false},"excerpt":{"rendered":"<p>Yumu\u015fak bir modifiye edilmemi\u015f silika jel 60 tabakas\u0131 ile kaplanm\u0131\u015f standart TLC cam plakalar. Analitik plakalar i\u00e7in tabaka kal\u0131nl\u0131\u011f\u0131: 0,25 mm. Preparatif ama\u00e7lar (PLC) i\u00e7in \u00e7e\u015fitli katman kal\u0131nl\u0131klar\u0131 (0,5 mm, 1 mm ve 2 mm) mevcuttur. Biraz daha kaba bir malzeme 2 mm&#8217;lik preparatif katmanlar i\u00e7in kullan\u0131l\u0131r. Farkl\u0131 UV indikat\u00f6rleri ile mevcuttur &#8211; k\u0131sa dalga [&hellip;]<\/p>\n","protected":false},"featured_media":11122,"comment_status":"open","ping_status":"closed","template":"","meta":[],"product_cat":[133,132,67],"product_tag":[],"class_list":{"0":"post-14676","1":"product","2":"type-product","3":"status-publish","4":"has-post-thumbnail","6":"product_cat-dc-hptlc-plakalari-ve-filmleri","7":"product_cat-ince-tabaka-kromatografisi-tlc","8":"product_cat-kromatografi","10":"first","11":"instock","12":"shipping-taxable","13":"product-type-simple"},"_links":{"self":[{"href":"https:\/\/develop.eam-scientific.com\/tr\/wp-json\/wp\/v2\/product\/14676","targetHints":{"allow":["GET"]}}],"collection":[{"href":"https:\/\/develop.eam-scientific.com\/tr\/wp-json\/wp\/v2\/product"}],"about":[{"href":"https:\/\/develop.eam-scientific.com\/tr\/wp-json\/wp\/v2\/types\/product"}],"replies":[{"embeddable":true,"href":"https:\/\/develop.eam-scientific.com\/tr\/wp-json\/wp\/v2\/comments?post=14676"}],"wp:featuredmedia":[{"embeddable":true,"href":"https:\/\/develop.eam-scientific.com\/tr\/wp-json\/wp\/v2\/media\/11122"}],"wp:attachment":[{"href":"https:\/\/develop.eam-scientific.com\/tr\/wp-json\/wp\/v2\/media?parent=14676"}],"wp:term":[{"taxonomy":"product_cat","embeddable":true,"href":"https:\/\/develop.eam-scientific.com\/tr\/wp-json\/wp\/v2\/product_cat?post=14676"},{"taxonomy":"product_tag","embeddable":true,"href":"https:\/\/develop.eam-scientific.com\/tr\/wp-json\/wp\/v2\/product_tag?post=14676"}],"curies":[{"name":"wp","href":"https:\/\/api.w.org\/{rel}","templated":true}]}}