{"id":14678,"date":"2024-06-20T15:29:06","date_gmt":"2024-06-20T13:29:06","guid":{"rendered":"http:\/\/develop.eam-scientific.com\/produkt\/dc-cam-plakalar-selueloz-cel-300-uv254-20x20-cm\/"},"modified":"2024-07-01T22:26:24","modified_gmt":"2024-07-01T20:26:24","slug":"dc-cam-plakalar-selueloz-cel-300-uv254-20x20-cm","status":"publish","type":"product","link":"https:\/\/develop.eam-scientific.com\/tr\/produkt\/dc-cam-plakalar-selueloz-cel-300-uv254-20x20-cm\/","title":{"rendered":"TLC cam plakalar, sel\u00fcloz, CEL 300 UV254, 20&#215;20 cm"},"content":{"rendered":"<p>Sel\u00fcloz MN 300, TLC i\u00e7in do\u011fal lifli sel\u00fcloz tabakalar\u0131d\u0131r. Lif uzunlu\u011fu (%95) 2-20 \u03bcm, ortalama polimerizasyon derecesi 400-500. Cam levhalar \u00fczerinde \u00e7e\u015fitli katman kal\u0131nl\u0131klar\u0131 mevcuttur (0,1, 0,25 ve 0,5 mm). Cam levhalar, POLYGRAM polyester folyolar ve ALUGRAM al\u00fcminyum folyolar olarak mevcuttur.<\/p>\n","protected":false},"excerpt":{"rendered":"<p>Sel\u00fcloz MN 300, TLC i\u00e7in do\u011fal lifli sel\u00fcloz tabakalar\u0131d\u0131r. Lif uzunlu\u011fu (%95) 2-20 \u03bcm, ortalama polimerizasyon derecesi 400-500. Cam levhalar \u00fczerinde \u00e7e\u015fitli katman kal\u0131nl\u0131klar\u0131 mevcuttur (0,1, 0,25 ve 0,5 mm). Cam levhalar, POLYGRAM polyester folyolar ve ALUGRAM al\u00fcminyum folyolar olarak mevcuttur.<\/p>\n","protected":false},"featured_media":11116,"comment_status":"open","ping_status":"closed","template":"","meta":[],"product_cat":[133,132,67],"product_tag":[],"class_list":{"0":"post-14678","1":"product","2":"type-product","3":"status-publish","4":"has-post-thumbnail","6":"product_cat-dc-hptlc-plakalari-ve-filmleri","7":"product_cat-ince-tabaka-kromatografisi-tlc","8":"product_cat-kromatografi","10":"first","11":"instock","12":"shipping-taxable","13":"product-type-simple"},"_links":{"self":[{"href":"https:\/\/develop.eam-scientific.com\/tr\/wp-json\/wp\/v2\/product\/14678","targetHints":{"allow":["GET"]}}],"collection":[{"href":"https:\/\/develop.eam-scientific.com\/tr\/wp-json\/wp\/v2\/product"}],"about":[{"href":"https:\/\/develop.eam-scientific.com\/tr\/wp-json\/wp\/v2\/types\/product"}],"replies":[{"embeddable":true,"href":"https:\/\/develop.eam-scientific.com\/tr\/wp-json\/wp\/v2\/comments?post=14678"}],"wp:featuredmedia":[{"embeddable":true,"href":"https:\/\/develop.eam-scientific.com\/tr\/wp-json\/wp\/v2\/media\/11116"}],"wp:attachment":[{"href":"https:\/\/develop.eam-scientific.com\/tr\/wp-json\/wp\/v2\/media?parent=14678"}],"wp:term":[{"taxonomy":"product_cat","embeddable":true,"href":"https:\/\/develop.eam-scientific.com\/tr\/wp-json\/wp\/v2\/product_cat?post=14678"},{"taxonomy":"product_tag","embeddable":true,"href":"https:\/\/develop.eam-scientific.com\/tr\/wp-json\/wp\/v2\/product_tag?post=14678"}],"curies":[{"name":"wp","href":"https:\/\/api.w.org\/{rel}","templated":true}]}}