{"id":14686,"date":"2024-06-20T15:29:06","date_gmt":"2024-06-20T13:29:06","guid":{"rendered":"http:\/\/develop.eam-scientific.com\/produkt\/peek-standart-kapiler-od-1-16-1-m-4\/"},"modified":"2024-06-20T15:29:06","modified_gmt":"2024-06-20T13:29:06","slug":"peek-standart-kapiler-od-1-16-1-m-4","status":"publish","type":"product","link":"https:\/\/develop.eam-scientific.com\/tr\/produkt\/peek-standart-kapiler-od-1-16-1-m-4\/","title":{"rendered":"PEEK standart kapiler, OD 1\/16&#8243;, 1 m"},"content":{"rendered":"<p>OD 1\/16&#8243;, 1 m uzunlu\u011funda PEEK standart kapiler \u00e7e\u015fitli i\u00e7 \u00e7aplarda (ID) mevcuttur.<\/p>\n","protected":false},"excerpt":{"rendered":"<p>OD 1\/16&#8243;, 1 m uzunlu\u011funda PEEK standart kapiler \u00e7e\u015fitli i\u00e7 \u00e7aplarda (ID) mevcuttur.<\/p>\n","protected":false},"featured_media":11112,"comment_status":"open","ping_status":"closed","template":"","meta":[],"product_cat":[128,121,67],"product_tag":[],"class_list":{"0":"post-14686","1":"product","2":"type-product","3":"status-publish","4":"has-post-thumbnail","6":"product_cat-hplc-aksesuarlari","7":"product_cat-hplc-ve-uhplc","8":"product_cat-kromatografi","10":"first","11":"instock","12":"shipping-taxable","13":"product-type-simple"},"_links":{"self":[{"href":"https:\/\/develop.eam-scientific.com\/tr\/wp-json\/wp\/v2\/product\/14686","targetHints":{"allow":["GET"]}}],"collection":[{"href":"https:\/\/develop.eam-scientific.com\/tr\/wp-json\/wp\/v2\/product"}],"about":[{"href":"https:\/\/develop.eam-scientific.com\/tr\/wp-json\/wp\/v2\/types\/product"}],"replies":[{"embeddable":true,"href":"https:\/\/develop.eam-scientific.com\/tr\/wp-json\/wp\/v2\/comments?post=14686"}],"wp:featuredmedia":[{"embeddable":true,"href":"https:\/\/develop.eam-scientific.com\/tr\/wp-json\/wp\/v2\/media\/11112"}],"wp:attachment":[{"href":"https:\/\/develop.eam-scientific.com\/tr\/wp-json\/wp\/v2\/media?parent=14686"}],"wp:term":[{"taxonomy":"product_cat","embeddable":true,"href":"https:\/\/develop.eam-scientific.com\/tr\/wp-json\/wp\/v2\/product_cat?post=14686"},{"taxonomy":"product_tag","embeddable":true,"href":"https:\/\/develop.eam-scientific.com\/tr\/wp-json\/wp\/v2\/product_tag?post=14686"}],"curies":[{"name":"wp","href":"https:\/\/api.w.org\/{rel}","templated":true}]}}