{"id":14699,"date":"2024-06-20T15:26:18","date_gmt":"2024-06-20T13:26:18","guid":{"rendered":"http:\/\/develop.eam-scientific.com\/produkt\/ec-hplc-kolonu-analitik-nucleosil-chiral-2-5-%c2%b5m-250x4-mm\/"},"modified":"2024-06-20T15:26:18","modified_gmt":"2024-06-20T13:26:18","slug":"ec-hplc-kolonu-analitik-nucleosil-chiral-2-5-%c2%b5m-250x4-mm","status":"publish","type":"product","link":"https:\/\/develop.eam-scientific.com\/tr\/produkt\/ec-hplc-kolonu-analitik-nucleosil-chiral-2-5-%c2%b5m-250x4-mm\/","title":{"rendered":"EC HPLC kolonu (analitik), NUCLEOSIL CHIRAL-2, 5 \u00b5m, 250&#215;4 mm"},"content":{"rendered":"<p>HPLC enantiyomer ayr\u0131m\u0131 i\u00e7in silika jel bazl\u0131 faz. Temel etkile\u015fim modlar\u0131 &#8211; y\u00fck-transfer etkile\u015fimleri, hidrojen ba\u011flar\u0131, dipol-dipol etkile\u015fimleri ve sterik etkiler. Bir maddenin optik safl\u0131\u011f\u0131n\u0131 kontrol etmek i\u00e7in, iki kolon NUCLEOSIL CHIRAL-2 ve NUCLEOSIL CHIRAL-3, safs\u0131zl\u0131k olarak daha d\u00fc\u015f\u00fck konsantrasyonlarda bulunan enantiyomerin ana pikten \u00f6nce el\u00fce edildi\u011fi ko\u015fullar\u0131n se\u00e7ilmesine izin verir. Bu, \u00fcst \u00fcste binen pikleri \u00f6nler ve safs\u0131zl\u0131\u011f\u0131n hassas bir \u015fekilde \u00f6l\u00e7\u00fclmesini kolayla\u015ft\u0131r\u0131r. Orijinal NUCLEOSIL silika jele dayanmaktad\u0131r. Bu, HPLC i\u00e7in ilk k\u00fcresel silika jellerden biridir ve 1974 y\u0131l\u0131nda MACHEREY-NAGEL taraf\u0131ndan geli\u015ftirilmi\u015ftir. Sadece Almanya&#8217;da \u00fcretilmektedir ve halen d\u00fcnya \u00e7ap\u0131nda kalite kontrolde en s\u0131k kullan\u0131lan HPLC silika jellerinden biridir.<\/p>\n","protected":false},"excerpt":{"rendered":"<p>HPLC enantiyomer ayr\u0131m\u0131 i\u00e7in silika jel bazl\u0131 faz. Temel etkile\u015fim modlar\u0131 &#8211; y\u00fck-transfer etkile\u015fimleri, hidrojen ba\u011flar\u0131, dipol-dipol etkile\u015fimleri ve sterik etkiler. Bir maddenin optik safl\u0131\u011f\u0131n\u0131 kontrol etmek i\u00e7in, iki kolon NUCLEOSIL CHIRAL-2 ve NUCLEOSIL CHIRAL-3, safs\u0131zl\u0131k olarak daha d\u00fc\u015f\u00fck konsantrasyonlarda bulunan enantiyomerin ana pikten \u00f6nce el\u00fce edildi\u011fi ko\u015fullar\u0131n se\u00e7ilmesine izin verir. Bu, \u00fcst \u00fcste binen [&hellip;]<\/p>\n","protected":false},"featured_media":10808,"comment_status":"open","ping_status":"closed","template":"","meta":[],"product_cat":[121,122,67],"product_tag":[],"class_list":{"0":"post-14699","1":"product","2":"type-product","3":"status-publish","4":"has-post-thumbnail","6":"product_cat-hplc-ve-uhplc","7":"product_cat-hplc-ve-uhplc-kolonlari","8":"product_cat-kromatografi","10":"first","11":"instock","12":"shipping-taxable","13":"product-type-simple"},"_links":{"self":[{"href":"https:\/\/develop.eam-scientific.com\/tr\/wp-json\/wp\/v2\/product\/14699","targetHints":{"allow":["GET"]}}],"collection":[{"href":"https:\/\/develop.eam-scientific.com\/tr\/wp-json\/wp\/v2\/product"}],"about":[{"href":"https:\/\/develop.eam-scientific.com\/tr\/wp-json\/wp\/v2\/types\/product"}],"replies":[{"embeddable":true,"href":"https:\/\/develop.eam-scientific.com\/tr\/wp-json\/wp\/v2\/comments?post=14699"}],"wp:featuredmedia":[{"embeddable":true,"href":"https:\/\/develop.eam-scientific.com\/tr\/wp-json\/wp\/v2\/media\/10808"}],"wp:attachment":[{"href":"https:\/\/develop.eam-scientific.com\/tr\/wp-json\/wp\/v2\/media?parent=14699"}],"wp:term":[{"taxonomy":"product_cat","embeddable":true,"href":"https:\/\/develop.eam-scientific.com\/tr\/wp-json\/wp\/v2\/product_cat?post=14699"},{"taxonomy":"product_tag","embeddable":true,"href":"https:\/\/develop.eam-scientific.com\/tr\/wp-json\/wp\/v2\/product_tag?post=14699"}],"curies":[{"name":"wp","href":"https:\/\/api.w.org\/{rel}","templated":true}]}}